{"id":116,"date":"2021-09-15T15:12:26","date_gmt":"2021-09-15T12:12:26","guid":{"rendered":"http:\/\/axilthemes.com\/themes\/abstrak\/?page_id=116"},"modified":"2023-08-19T17:46:29","modified_gmt":"2023-08-19T14:46:29","slug":"hakkimizda","status":"publish","type":"page","link":"https:\/\/blueapplemedia.com.tr\/en\/hakkimizda\/","title":{"rendered":"About"},"content":{"rendered":"<div data-elementor-type=\"wp-page\" data-elementor-id=\"116\" class=\"elementor elementor-116\">\n\t\t\t\t\t\t<section class=\"elementor-section elementor-top-section elementor-element elementor-element-7538e03 elementor-section-full_width elementor-section-height-default elementor-section-height-default\" data-id=\"7538e03\" data-element_type=\"section\">\n\t\t\t\t\t\t<div class=\"elementor-container elementor-column-gap-no\">\n\t\t\t\t\t<div class=\"elementor-column elementor-col-100 elementor-top-column elementor-element elementor-element-21b81c9\" data-id=\"21b81c9\" data-element_type=\"column\">\n\t\t\t<div class=\"elementor-widget-wrap elementor-element-populated\">\n\t\t\t\t\t\t<div class=\"elementor-element elementor-element-dc29bd1 elementor-widget elementor-widget-axil-page-title\" data-id=\"dc29bd1\" data-element_type=\"widget\" data-widget_type=\"axil-page-title.default\">\n\t\t\t\t<div class=\"elementor-widget-container\">\n\t\t\t\t\t \n             <div class=\"breadcrum-area breadcrumb-banner\">\n                <div class=\"container\">\n                    <div class=\"section-heading heading-left sal-animate\" data-sal=\"slide-right\" data-sal-duration=\"1000\" data-sal-delay=\"300\">\n                                            <h2 class=\"title\">We are one of the fastest growing agencies<\/h2> \n                     \n                                            <p>\"We are proud to say that as one of the fastest growing agencies, we are fueled by innovation and driven by results.\"<\/p>\n                        \n                    <\/div>\n                    <div class=\"banner-thumbnail\" data-sal=\"slide-up\" data-sal-duration=\"1000\" data-sal-delay=\"400\">\n                        <img decoding=\"async\" class=\"paralax-image\" src=\"https:\/\/blueapplemedia.com.tr\/wp-content\/uploads\/2021\/10\/case-study-6.png\" alt=\"\">\n                    <\/div>      \n                <\/div>\n                                     <ul class=\"shape-group-8 list-unstyled\">\n                        <li class=\"shape shape-1\" data-sal=\"slide-right\" data-sal-duration=\"500\" data-sal-delay=\"100\">\n                            <img decoding=\"async\" src=\"\" alt=\"\">\n                        <\/li>\n                        <li class=\"shape shape-2\" data-sal=\"slide-left\" data-sal-duration=\"500\" data-sal-delay=\"200\">\n                            <img decoding=\"async\" src=\"https:\/\/blueapplemedia.com.tr\/wp-content\/uploads\/2021\/09\/bubble-22.png\" alt=\"\">\n                        <\/li>\n                        <li class=\"shape shape-3\" data-sal=\"slide-up\" data-sal-duration=\"500\" data-sal-delay=\"300\">\n                            <img decoding=\"async\" src=\"\" alt=\"\">\n                        <\/li>\n                    <\/ul>\n                            <\/div>\n\n        \t\t\t\t<\/div>\n\t\t\t\t<\/div>\n\t\t\t\t\t<\/div>\n\t\t<\/div>\n\t\t\t\t\t<\/div>\n\t\t<\/section>\n\t\t\t\t<section class=\"elementor-section elementor-top-section elementor-element elementor-element-639edbe elementor-section-boxed elementor-section-height-default elementor-section-height-default\" data-id=\"639edbe\" data-element_type=\"section\">\n\t\t\t\t\t\t<div class=\"elementor-container elementor-column-gap-default\">\n\t\t\t\t\t<div class=\"elementor-column elementor-col-50 elementor-top-column elementor-element elementor-element-92b1e5d\" data-id=\"92b1e5d\" data-element_type=\"column\">\n\t\t\t<div class=\"elementor-widget-wrap elementor-element-populated\">\n\t\t\t\t\t\t<div class=\"elementor-element elementor-element-5d98a22 elementor-widget elementor-widget-image\" data-id=\"5d98a22\" data-element_type=\"widget\" data-widget_type=\"image.default\">\n\t\t\t\t<div class=\"elementor-widget-container\">\n\t\t\t\t\t\t\t\t\t\t\t\t\t\t\t<img fetchpriority=\"high\" decoding=\"async\" width=\"640\" height=\"640\" src=\"https:\/\/blueapplemedia.com.tr\/wp-content\/uploads\/2021\/09\/case-study-4.png\" class=\"attachment-large size-large wp-image-129\" alt=\"\" srcset=\"https:\/\/blueapplemedia.com.tr\/wp-content\/uploads\/2021\/09\/case-study-4.png 740w, https:\/\/blueapplemedia.com.tr\/wp-content\/uploads\/2021\/09\/case-study-4-300x300.png 300w, https:\/\/blueapplemedia.com.tr\/wp-content\/uploads\/2021\/09\/case-study-4-100x100.png 100w, https:\/\/blueapplemedia.com.tr\/wp-content\/uploads\/2021\/09\/case-study-4-600x600.png 600w, https:\/\/blueapplemedia.com.tr\/wp-content\/uploads\/2021\/09\/case-study-4-150x150.png 150w, https:\/\/blueapplemedia.com.tr\/wp-content\/uploads\/2021\/09\/case-study-4-128x128.png 128w\" sizes=\"(max-width: 640px) 100vw, 640px\" \/>\t\t\t\t\t\t\t\t\t\t\t\t\t\t\t<\/div>\n\t\t\t\t<\/div>\n\t\t\t\t\t<\/div>\n\t\t<\/div>\n\t\t\t\t<div class=\"elementor-column elementor-col-50 elementor-top-column elementor-element elementor-element-da81e9b\" data-id=\"da81e9b\" data-element_type=\"column\">\n\t\t\t<div class=\"elementor-widget-wrap elementor-element-populated\">\n\t\t\t\t\t\t<div class=\"elementor-element elementor-element-43aefc2 elementor-widget elementor-widget-abstrak-casestudy\" data-id=\"43aefc2\" data-element_type=\"widget\" data-widget_type=\"abstrak-casestudy.default\">\n\t\t\t\t<div class=\"elementor-widget-container\">\n\t\t\t\t\t                 \n                <div class=\"case-study-featured\">\n                    <div class=\"section-heading heading-left\">                                           \n                                                <span class=\"subtitle\">Who We Are<\/span>\n                                                <h2 class=\"title\">We are the architects of your brand success<\/h2>\n                        <p>This succinct statement sums up our agency's role as the brains behind your brand's success. We create strategies, design campaigns and execute plans that shape and elevate your brand's trajectory in the competitive marketplace. <br>Just as architects design and build impressive structures, we design and build impactful brand experiences that resonate with your audience and drive your success.<\/p>\n                        <a class=\"axil-btn btn-fill-primary btn-large\" href=\"#\" target=\"_blank\" rel=\"nofollow\">About<\/a>                    <\/div>\n\n                  <div class=\"case-study-counterup\">\n                                             <div class=\"single-counterup\">\n                                                             <h2 class=\"count-number\">\n                                     <span class=\"number count\" data-count=\"20\">20<\/span>\n                                        <span class=\"symbol\">+<\/span>  \n                                    <\/h2>\n                                                                                        <span class=\"counter-title\">Years of experience<\/span>\n\n                                                    <\/div>\n                    \n                                            <!-- Start Counterup -->\n                        <div class=\"single-counterup counterup-style-1\">\n                            \n                                <h2 class=\"count-number\">\n                                <span class=\"number count\" data-count=\"10\">10<\/span>\n                                \n                                  <span class=\"symbol\">+ <\/span>\n                                <\/h2>\n                                                                                       <span class=\"counter-title\">Alan\u0131nda uzman personel<\/span>\n\n                                                    <\/div>                                          \n                                        <\/div>\n                <\/div>                        \n \n\t\t\t\t\t<\/div>\n\t\t\t\t<\/div>\n\t\t\t\t\t<\/div>\n\t\t<\/div>\n\t\t\t\t\t<\/div>\n\t\t<\/section>\n\t\t\t\t<section class=\"elementor-section elementor-top-section elementor-element elementor-element-6cc5d82 elementor-section-boxed elementor-section-height-default elementor-section-height-default\" data-id=\"6cc5d82\" data-element_type=\"section\">\n\t\t\t\t\t\t<div class=\"elementor-container elementor-column-gap-default\">\n\t\t\t\t\t<div class=\"elementor-column elementor-col-50 elementor-top-column elementor-element elementor-element-b96fcdb\" data-id=\"b96fcdb\" data-element_type=\"column\">\n\t\t\t<div class=\"elementor-widget-wrap elementor-element-populated\">\n\t\t\t\t\t\t<div class=\"elementor-element elementor-element-c9da21b elementor-widget elementor-widget-image\" data-id=\"c9da21b\" data-element_type=\"widget\" data-widget_type=\"image.default\">\n\t\t\t\t<div class=\"elementor-widget-container\">\n\t\t\t\t\t\t\t\t\t\t\t\t\t\t\t<img decoding=\"async\" width=\"640\" height=\"736\" src=\"https:\/\/blueapplemedia.com.tr\/wp-content\/uploads\/2021\/10\/about-2.png\" class=\"attachment-large size-large wp-image-2065\" alt=\"\" srcset=\"https:\/\/blueapplemedia.com.tr\/wp-content\/uploads\/2021\/10\/about-2.png 680w, https:\/\/blueapplemedia.com.tr\/wp-content\/uploads\/2021\/10\/about-2-600x690.png 600w, https:\/\/blueapplemedia.com.tr\/wp-content\/uploads\/2021\/10\/about-2-261x300.png 261w\" sizes=\"(max-width: 640px) 100vw, 640px\" \/>\t\t\t\t\t\t\t\t\t\t\t\t\t\t\t<\/div>\n\t\t\t\t<\/div>\n\t\t\t\t\t<\/div>\n\t\t<\/div>\n\t\t\t\t<div class=\"elementor-column elementor-col-50 elementor-top-column elementor-element elementor-element-a2243f5\" data-id=\"a2243f5\" data-element_type=\"column\">\n\t\t\t<div class=\"elementor-widget-wrap elementor-element-populated\">\n\t\t\t\t\t\t<div class=\"elementor-element elementor-element-733ce4f elementor-widget elementor-widget-axil-title\" data-id=\"733ce4f\" data-element_type=\"widget\" data-widget_type=\"axil-title.default\">\n\t\t\t\t<div class=\"elementor-widget-container\">\n\t\t\t\t\t     <div class=\"section-heading heading-dark heading-dark-left\">            \n                    <span class=\"subtitle\">Our Team<\/span>\n         \n                                    <h2 class=\"title\">\n                    Alone we can do very little; together we can do a lot.                <\/h2> \n                         \n                            <p>\"Individually, our potential is limited; when we unite, our capabilities become limitless.\"<\/p>\n            <\/div> \n   \t\t\t\t<\/div>\n\t\t\t\t<\/div>\n\t\t\t\t<div class=\"elementor-element elementor-element-6359705 elementor-hidden-desktop elementor-hidden-tablet elementor-hidden-mobile elementor-widget elementor-widget-axil-button\" data-id=\"6359705\" data-element_type=\"widget\" data-widget_type=\"axil-button.default\">\n\t\t\t\t<div class=\"elementor-widget-container\">\n\t\t\t\t\t\n           <div class=\"btn-wrp-new  text-left\">\n            <a class=\"btn-small axil-btn  btn-fill-white\" href=\"\" target=\"_blank\" rel=\"nofollow\"><\/a>                \n            <\/div> \n \n\t\t\t\t\t<\/div>\n\t\t\t\t<\/div>\n\t\t\t\t\t<\/div>\n\t\t<\/div>\n\t\t\t\t\t<\/div>\n\t\t<\/section>\n\t\t\t\t<\/div>","protected":false},"excerpt":{"rendered":"<p>En h\u0131zl\u0131 b\u00fcy\u00fcyen ajanslardan biriyiz &#8220;Gururla s\u00f6yleyebiliriz ki en h\u0131zl\u0131 b\u00fcy\u00fcyen ajanslardan biri olarak, inovasyonla besleniyor ve sonu\u00e7larla hareket ediyoruz.&#8221; Biz Kimiz Marka ba\u015far\u0131n\u0131z\u0131n mimarlar\u0131y\u0131z Bu \u00f6zl\u00fc ifade, ajans\u0131m\u0131z\u0131n markan\u0131z\u0131n ba\u015far\u0131lar\u0131n\u0131n arkas\u0131ndaki beyinler olarak rol\u00fcn\u00fc \u00f6zetlemektedir. Markan\u0131z\u0131n rekabet\u00e7i pazardaki y\u00f6r\u00fcngesini \u015fekillendiren ve y\u00fckselten stratejiler olu\u015fturuyor, kampanyalar tasarl\u0131yor ve planlar uyguluyoruz. Mimarlar\u0131n etkileyici yap\u0131lar tasarlay\u0131p in\u015fa [&hellip;]<\/p>","protected":false},"author":1,"featured_media":0,"parent":0,"menu_order":0,"comment_status":"closed","ping_status":"closed","template":"elementor_header_footer","meta":{"footnotes":""},"class_list":["post-116","page","type-page","status-publish","hentry"],"acf":[],"yoast_head":"<!-- This site is optimized with the Yoast SEO plugin v24.6 - https:\/\/yoast.com\/wordpress\/plugins\/seo\/ -->\n<title>Hakk\u0131m\u0131zda - \u00c7\u00f6z\u00fcm Orta\u011f\u0131n\u0131z<\/title>\n<meta name=\"robots\" content=\"index, follow, max-snippet:-1, max-image-preview:large, max-video-preview:-1\" \/>\n<link rel=\"canonical\" href=\"https:\/\/blueapplemedia.com.tr\/en\/hakkimizda\/\" \/>\n<meta property=\"og:locale\" content=\"en_US\" \/>\n<meta property=\"og:type\" content=\"article\" \/>\n<meta property=\"og:title\" content=\"Hakk\u0131m\u0131zda - \u00c7\u00f6z\u00fcm Orta\u011f\u0131n\u0131z\" \/>\n<meta property=\"og:description\" content=\"En h\u0131zl\u0131 b\u00fcy\u00fcyen ajanslardan biriyiz &#8220;Gururla s\u00f6yleyebiliriz ki en h\u0131zl\u0131 b\u00fcy\u00fcyen ajanslardan biri olarak, inovasyonla besleniyor ve sonu\u00e7larla hareket ediyoruz.&#8221; Biz Kimiz Marka ba\u015far\u0131n\u0131z\u0131n mimarlar\u0131y\u0131z Bu \u00f6zl\u00fc ifade, ajans\u0131m\u0131z\u0131n markan\u0131z\u0131n ba\u015far\u0131lar\u0131n\u0131n arkas\u0131ndaki beyinler olarak rol\u00fcn\u00fc \u00f6zetlemektedir. Markan\u0131z\u0131n rekabet\u00e7i pazardaki y\u00f6r\u00fcngesini \u015fekillendiren ve y\u00fckselten stratejiler olu\u015fturuyor, kampanyalar tasarl\u0131yor ve planlar uyguluyoruz. Mimarlar\u0131n etkileyici yap\u0131lar tasarlay\u0131p in\u015fa [&hellip;]\" \/>\n<meta property=\"og:url\" content=\"https:\/\/blueapplemedia.com.tr\/en\/hakkimizda\/\" \/>\n<meta property=\"og:site_name\" content=\"\u00c7\u00f6z\u00fcm Orta\u011f\u0131n\u0131z\" \/>\n<meta property=\"article:modified_time\" content=\"2023-08-19T14:46:29+00:00\" \/>\n<meta property=\"og:image\" content=\"https:\/\/blueapplemedia.com.tr\/wp-content\/uploads\/2021\/10\/case-study-6.png\" \/>\n<meta name=\"twitter:card\" content=\"summary_large_image\" \/>\n<meta name=\"twitter:label1\" content=\"Est. reading time\" \/>\n\t<meta name=\"twitter:data1\" content=\"1 minute\" \/>\n<script type=\"application\/ld+json\" class=\"yoast-schema-graph\">{\"@context\":\"https:\/\/schema.org\",\"@graph\":[{\"@type\":\"WebPage\",\"@id\":\"https:\/\/blueapplemedia.com.tr\/hakkimizda\/\",\"url\":\"https:\/\/blueapplemedia.com.tr\/hakkimizda\/\",\"name\":\"Hakk\u0131m\u0131zda - \u00c7\u00f6z\u00fcm Orta\u011f\u0131n\u0131z\",\"isPartOf\":{\"@id\":\"https:\/\/blueapplemedia.com.tr\/#website\"},\"primaryImageOfPage\":{\"@id\":\"https:\/\/blueapplemedia.com.tr\/hakkimizda\/#primaryimage\"},\"image\":{\"@id\":\"https:\/\/blueapplemedia.com.tr\/hakkimizda\/#primaryimage\"},\"thumbnailUrl\":\"https:\/\/blueapplemedia.com.tr\/wp-content\/uploads\/2021\/10\/case-study-6.png\",\"datePublished\":\"2021-09-15T12:12:26+00:00\",\"dateModified\":\"2023-08-19T14:46:29+00:00\",\"breadcrumb\":{\"@id\":\"https:\/\/blueapplemedia.com.tr\/hakkimizda\/#breadcrumb\"},\"inLanguage\":\"en-US\",\"potentialAction\":[{\"@type\":\"ReadAction\",\"target\":[\"https:\/\/blueapplemedia.com.tr\/hakkimizda\/\"]}]},{\"@type\":\"ImageObject\",\"inLanguage\":\"en-US\",\"@id\":\"https:\/\/blueapplemedia.com.tr\/hakkimizda\/#primaryimage\",\"url\":\"https:\/\/blueapplemedia.com.tr\/wp-content\/uploads\/2021\/10\/case-study-6.png\",\"contentUrl\":\"https:\/\/blueapplemedia.com.tr\/wp-content\/uploads\/2021\/10\/case-study-6.png\"},{\"@type\":\"BreadcrumbList\",\"@id\":\"https:\/\/blueapplemedia.com.tr\/hakkimizda\/#breadcrumb\",\"itemListElement\":[{\"@type\":\"ListItem\",\"position\":1,\"name\":\"Anasayfa\",\"item\":\"https:\/\/blueapplemedia.com.tr\/\"},{\"@type\":\"ListItem\",\"position\":2,\"name\":\"Hakk\u0131m\u0131zda\"}]},{\"@type\":\"WebSite\",\"@id\":\"https:\/\/blueapplemedia.com.tr\/#website\",\"url\":\"https:\/\/blueapplemedia.com.tr\/\",\"name\":\"www.blueapplemedia.com.tr\",\"description\":\"\",\"publisher\":{\"@id\":\"https:\/\/blueapplemedia.com.tr\/#organization\"},\"potentialAction\":[{\"@type\":\"SearchAction\",\"target\":{\"@type\":\"EntryPoint\",\"urlTemplate\":\"https:\/\/blueapplemedia.com.tr\/?s={search_term_string}\"},\"query-input\":{\"@type\":\"PropertyValueSpecification\",\"valueRequired\":true,\"valueName\":\"search_term_string\"}}],\"inLanguage\":\"en-US\"},{\"@type\":\"Organization\",\"@id\":\"https:\/\/blueapplemedia.com.tr\/#organization\",\"name\":\"Blue Apple Media\",\"url\":\"https:\/\/blueapplemedia.com.tr\/\",\"logo\":{\"@type\":\"ImageObject\",\"inLanguage\":\"en-US\",\"@id\":\"https:\/\/blueapplemedia.com.tr\/#\/schema\/logo\/image\/\",\"url\":\"https:\/\/blueapplemedia.com.tr\/wp-content\/uploads\/2023\/08\/bluapple-white-logo-315x104-trans.png\",\"contentUrl\":\"https:\/\/blueapplemedia.com.tr\/wp-content\/uploads\/2023\/08\/bluapple-white-logo-315x104-trans.png\",\"width\":315,\"height\":104,\"caption\":\"Blue Apple Media\"},\"image\":{\"@id\":\"https:\/\/blueapplemedia.com.tr\/#\/schema\/logo\/image\/\"}}]}<\/script>\n<!-- \/ Yoast SEO plugin. -->","yoast_head_json":{"title":"Hakk\u0131m\u0131zda - \u00c7\u00f6z\u00fcm Orta\u011f\u0131n\u0131z","robots":{"index":"index","follow":"follow","max-snippet":"max-snippet:-1","max-image-preview":"max-image-preview:large","max-video-preview":"max-video-preview:-1"},"canonical":"https:\/\/blueapplemedia.com.tr\/en\/hakkimizda\/","og_locale":"en_US","og_type":"article","og_title":"Hakk\u0131m\u0131zda - \u00c7\u00f6z\u00fcm Orta\u011f\u0131n\u0131z","og_description":"En h\u0131zl\u0131 b\u00fcy\u00fcyen ajanslardan biriyiz &#8220;Gururla s\u00f6yleyebiliriz ki en h\u0131zl\u0131 b\u00fcy\u00fcyen ajanslardan biri olarak, inovasyonla besleniyor ve sonu\u00e7larla hareket ediyoruz.&#8221; Biz Kimiz Marka ba\u015far\u0131n\u0131z\u0131n mimarlar\u0131y\u0131z Bu \u00f6zl\u00fc ifade, ajans\u0131m\u0131z\u0131n markan\u0131z\u0131n ba\u015far\u0131lar\u0131n\u0131n arkas\u0131ndaki beyinler olarak rol\u00fcn\u00fc \u00f6zetlemektedir. Markan\u0131z\u0131n rekabet\u00e7i pazardaki y\u00f6r\u00fcngesini \u015fekillendiren ve y\u00fckselten stratejiler olu\u015fturuyor, kampanyalar tasarl\u0131yor ve planlar uyguluyoruz. Mimarlar\u0131n etkileyici yap\u0131lar tasarlay\u0131p in\u015fa [&hellip;]","og_url":"https:\/\/blueapplemedia.com.tr\/en\/hakkimizda\/","og_site_name":"\u00c7\u00f6z\u00fcm Orta\u011f\u0131n\u0131z","article_modified_time":"2023-08-19T14:46:29+00:00","og_image":[{"url":"https:\/\/blueapplemedia.com.tr\/wp-content\/uploads\/2021\/10\/case-study-6.png","type":"","width":"","height":""}],"twitter_card":"summary_large_image","twitter_misc":{"Est. reading time":"1 minute"},"schema":{"@context":"https:\/\/schema.org","@graph":[{"@type":"WebPage","@id":"https:\/\/blueapplemedia.com.tr\/hakkimizda\/","url":"https:\/\/blueapplemedia.com.tr\/hakkimizda\/","name":"Hakk\u0131m\u0131zda - \u00c7\u00f6z\u00fcm Orta\u011f\u0131n\u0131z","isPartOf":{"@id":"https:\/\/blueapplemedia.com.tr\/#website"},"primaryImageOfPage":{"@id":"https:\/\/blueapplemedia.com.tr\/hakkimizda\/#primaryimage"},"image":{"@id":"https:\/\/blueapplemedia.com.tr\/hakkimizda\/#primaryimage"},"thumbnailUrl":"https:\/\/blueapplemedia.com.tr\/wp-content\/uploads\/2021\/10\/case-study-6.png","datePublished":"2021-09-15T12:12:26+00:00","dateModified":"2023-08-19T14:46:29+00:00","breadcrumb":{"@id":"https:\/\/blueapplemedia.com.tr\/hakkimizda\/#breadcrumb"},"inLanguage":"en-US","potentialAction":[{"@type":"ReadAction","target":["https:\/\/blueapplemedia.com.tr\/hakkimizda\/"]}]},{"@type":"ImageObject","inLanguage":"en-US","@id":"https:\/\/blueapplemedia.com.tr\/hakkimizda\/#primaryimage","url":"https:\/\/blueapplemedia.com.tr\/wp-content\/uploads\/2021\/10\/case-study-6.png","contentUrl":"https:\/\/blueapplemedia.com.tr\/wp-content\/uploads\/2021\/10\/case-study-6.png"},{"@type":"BreadcrumbList","@id":"https:\/\/blueapplemedia.com.tr\/hakkimizda\/#breadcrumb","itemListElement":[{"@type":"ListItem","position":1,"name":"Anasayfa","item":"https:\/\/blueapplemedia.com.tr\/"},{"@type":"ListItem","position":2,"name":"Hakk\u0131m\u0131zda"}]},{"@type":"WebSite","@id":"https:\/\/blueapplemedia.com.tr\/#website","url":"https:\/\/blueapplemedia.com.tr\/","name":"www.blueapplemedia.com.tr","description":"","publisher":{"@id":"https:\/\/blueapplemedia.com.tr\/#organization"},"potentialAction":[{"@type":"SearchAction","target":{"@type":"EntryPoint","urlTemplate":"https:\/\/blueapplemedia.com.tr\/?s={search_term_string}"},"query-input":{"@type":"PropertyValueSpecification","valueRequired":true,"valueName":"search_term_string"}}],"inLanguage":"en-US"},{"@type":"Organization","@id":"https:\/\/blueapplemedia.com.tr\/#organization","name":"Blue Apple Media","url":"https:\/\/blueapplemedia.com.tr\/","logo":{"@type":"ImageObject","inLanguage":"en-US","@id":"https:\/\/blueapplemedia.com.tr\/#\/schema\/logo\/image\/","url":"https:\/\/blueapplemedia.com.tr\/wp-content\/uploads\/2023\/08\/bluapple-white-logo-315x104-trans.png","contentUrl":"https:\/\/blueapplemedia.com.tr\/wp-content\/uploads\/2023\/08\/bluapple-white-logo-315x104-trans.png","width":315,"height":104,"caption":"Blue Apple Media"},"image":{"@id":"https:\/\/blueapplemedia.com.tr\/#\/schema\/logo\/image\/"}}]}},"_links":{"self":[{"href":"https:\/\/blueapplemedia.com.tr\/en\/wp-json\/wp\/v2\/pages\/116","targetHints":{"allow":["GET"]}}],"collection":[{"href":"https:\/\/blueapplemedia.com.tr\/en\/wp-json\/wp\/v2\/pages"}],"about":[{"href":"https:\/\/blueapplemedia.com.tr\/en\/wp-json\/wp\/v2\/types\/page"}],"author":[{"embeddable":true,"href":"https:\/\/blueapplemedia.com.tr\/en\/wp-json\/wp\/v2\/users\/1"}],"replies":[{"embeddable":true,"href":"https:\/\/blueapplemedia.com.tr\/en\/wp-json\/wp\/v2\/comments?post=116"}],"version-history":[{"count":23,"href":"https:\/\/blueapplemedia.com.tr\/en\/wp-json\/wp\/v2\/pages\/116\/revisions"}],"predecessor-version":[{"id":5202,"href":"https:\/\/blueapplemedia.com.tr\/en\/wp-json\/wp\/v2\/pages\/116\/revisions\/5202"}],"wp:attachment":[{"href":"https:\/\/blueapplemedia.com.tr\/en\/wp-json\/wp\/v2\/media?parent=116"}],"curies":[{"name":"wp","href":"https:\/\/api.w.org\/{rel}","templated":true}]}}