{"id":34,"date":"2021-09-15T09:35:58","date_gmt":"2021-09-15T06:35:58","guid":{"rendered":"http:\/\/axilthemes.com\/themes\/abstrak\/?page_id=34"},"modified":"2023-08-13T13:21:45","modified_gmt":"2023-08-13T10:21:45","slug":"iletisim","status":"publish","type":"page","link":"https:\/\/blueapplemedia.com.tr\/en\/iletisim\/","title":{"rendered":"Contact"},"content":{"rendered":"<div data-elementor-type=\"wp-page\" data-elementor-id=\"34\" class=\"elementor elementor-34\">\n\t\t\t\t\t\t<section class=\"elementor-section elementor-top-section elementor-element elementor-element-a0140e3 elementor-section-full_width elementor-section-height-default elementor-section-height-default\" data-id=\"a0140e3\" data-element_type=\"section\">\n\t\t\t\t\t\t<div class=\"elementor-container elementor-column-gap-no\">\n\t\t\t\t\t<div class=\"elementor-column elementor-col-100 elementor-top-column elementor-element elementor-element-086ba7d\" data-id=\"086ba7d\" data-element_type=\"column\">\n\t\t\t<div class=\"elementor-widget-wrap\">\n\t\t\t\t\t\t\t<\/div>\n\t\t<\/div>\n\t\t\t\t\t<\/div>\n\t\t<\/section>\n\t\t\t\t<section class=\"elementor-section elementor-top-section elementor-element elementor-element-86164a4 elementor-section-full_width elementor-section-height-default elementor-section-height-default\" data-id=\"86164a4\" data-element_type=\"section\">\n\t\t\t\t\t\t<div class=\"elementor-container elementor-column-gap-no\">\n\t\t\t\t\t<div class=\"elementor-column elementor-col-100 elementor-top-column elementor-element elementor-element-79f1cea\" data-id=\"79f1cea\" data-element_type=\"column\">\n\t\t\t<div class=\"elementor-widget-wrap elementor-element-populated\">\n\t\t\t\t\t\t<div class=\"elementor-element elementor-element-4227d98 elementor-widget elementor-widget-axil-contact-page\" data-id=\"4227d98\" data-element_type=\"widget\" data-widget_type=\"axil-contact-page.default\">\n\t\t\t\t<div class=\"elementor-widget-container\">\n\t\t\t\t\t <div class=\"section section-padding\">\n    <div class=\"container\">\n        <div class=\"row\">\n            <div class=\"col-xl-5 col-lg-6\">\n                <div class=\"contact-form-box shadow-box mb--30\">\n                                        <h2 \n                    class=\"title\">\n                    Get in touch!                    <\/h2>\n                                        \n<div class=\"wpcf7 no-js\" id=\"wpcf7-f55-o1\" lang=\"en-US\" dir=\"ltr\" data-wpcf7-id=\"55\">\n<div class=\"screen-reader-response\"><p role=\"status\" aria-live=\"polite\" aria-atomic=\"true\"><\/p> <ul><\/ul><\/div>\n<form action=\"\/en\/wp-json\/wp\/v2\/pages\/34#wpcf7-f55-o1\" method=\"post\" class=\"wpcf7-form init\" aria-label=\"Contact form\" novalidate=\"novalidate\" data-status=\"init\" data-trp-original-action=\"\/en\/wp-json\/wp\/v2\/pages\/34#wpcf7-f55-o1\">\n<div style=\"display: none;\">\n<input type=\"hidden\" name=\"_wpcf7\" value=\"55\" \/>\n<input type=\"hidden\" name=\"_wpcf7_version\" value=\"6.0.6\" \/>\n<input type=\"hidden\" name=\"_wpcf7_locale\" value=\"en_US\" \/>\n<input type=\"hidden\" name=\"_wpcf7_unit_tag\" value=\"wpcf7-f55-o1\" \/>\n<input type=\"hidden\" name=\"_wpcf7_container_post\" value=\"0\" \/>\n<input type=\"hidden\" name=\"_wpcf7_posted_data_hash\" value=\"\" \/>\n<\/div>\n<div class=\"form-group\">\n\t<p><label for=\"form-name\">Name<\/label><br \/>\n<span class=\"wpcf7-form-control-wrap\" data-name=\"your-name\"><input size=\"40\" maxlength=\"400\" class=\"wpcf7-form-control wpcf7-text wpcf7-validates-as-required form-control\" id=\"form-name\" aria-required=\"true\" aria-invalid=\"false\" placeholder=\"Your name\" value=\"\" type=\"text\" name=\"your-name\" \/><\/span>\n\t<\/p>\n<\/div>\n<div class=\"form-group\">\n\t<p><label for=\"form-email\">E-mail<\/label><br \/>\n<span class=\"wpcf7-form-control-wrap\" data-name=\"your-email\"><input size=\"40\" maxlength=\"400\" class=\"wpcf7-form-control wpcf7-email wpcf7-validates-as-required wpcf7-text wpcf7-validates-as-email form-control\" id=\"form-email\" aria-required=\"true\" aria-invalid=\"false\" placeholder=\"Your e-mail\" value=\"\" type=\"email\" name=\"your-email\" \/><\/span>\n\t<\/p>\n<\/div>\n<div class=\"form-group\">\n\t<p><label for=\"form-company\">Company<\/label><br \/>\n<span class=\"wpcf7-form-control-wrap\" data-name=\"your-company\"><input size=\"40\" maxlength=\"400\" class=\"wpcf7-form-control wpcf7-text wpcf7-validates-as-required form-control\" id=\"form-company\" aria-required=\"true\" aria-invalid=\"false\" placeholder=\"Company name\" value=\"\" type=\"text\" name=\"your-company\" \/><\/span>\n\t<\/p>\n<\/div>\n<div class=\"form-group mb--40\">\n\t<p><label for=\"form-help\">How can we help you?<\/label><br \/>\n<span class=\"wpcf7-form-control-wrap\" data-name=\"your-help\"><textarea cols=\"40\" rows=\"10\" maxlength=\"2000\" class=\"wpcf7-form-control wpcf7-textarea wpcf7-validates-as-required form-control\" id=\"form-help\" aria-required=\"true\" aria-invalid=\"false\" placeholder=\"Your message\" name=\"your-help\"><\/textarea><\/span>\n\t<\/p>\n<\/div>\n<div class=\"form-group\">\n\t<p><input class=\"wpcf7-form-control wpcf7-submit has-spinner axil-btn btn-fill-primary btn-fluid btn-primary\" type=\"submit\" value=\"Send\" \/>\n\t<\/p>\n<\/div><div class=\"wpcf7-response-output\" aria-hidden=\"true\"><\/div>\n<input type=\"hidden\" name=\"trp-form-language\" value=\"en\"\/><\/form>\n<\/div>\n \n                <\/div>\n            <\/div>\n            <div class=\"col-xl-5 col-lg-6 offset-xl-1\">\n                <div class=\"contact-info mb--100 mb_md--30 mt_md--0 mt--150\">\n                        \n                                            <h4 class=\"title\">Phone<\/h4>\n                    \n                    \n                                            <h4 class=\"phone-number\"><a href=\"tel:+905322929622\">+90 532 292 9622<\/a><\/h4>\n                    \n                <\/div>\n                <div class=\"contact-info mb--30\">\n                                            <h4 class=\"title\">Email<\/h4>\n                    \n                                      \n                                            <h4 class=\"phone-number\"><a href=\"mailto:gulsum@blueapplemedia.com.tr\">gulsum@blueapplemedia.com.tr<\/a><\/h4>\n                      \n                <\/div>\n            <\/div>\n        <\/div>\n    <\/div>\n            <ul class=\"shape-group-12 list-unstyled\">          \n                            <li class=\"shape shape-1\"><img decoding=\"async\" src=\"https:\/\/blueapplemedia.com.tr\/wp-content\/plugins\/axil-elements\/assets\/media\/shape12\/bubble-2.png\" alt=\"\"><\/li>\n              \n                            <li class=\"shape shape-2\"><img decoding=\"async\" src=\"https:\/\/blueapplemedia.com.tr\/wp-content\/plugins\/axil-elements\/assets\/media\/shape12\/bubble-1.png\" alt=\"\"><\/li>\n              \n                            <li class=\"shape shape-3\"><img decoding=\"async\" src=\"https:\/\/blueapplemedia.com.tr\/wp-content\/plugins\/axil-elements\/assets\/media\/shape12\/circle-3.png\" alt=\"\"><\/li>\n              \n        <\/ul> \n       \n <\/div>\n \t\t\t\t<\/div>\n\t\t\t\t<\/div>\n\t\t\t\t<div class=\"elementor-element elementor-element-8ebd945 elementor-widget elementor-widget-axil-our-office\" data-id=\"8ebd945\" data-element_type=\"widget\" data-widget_type=\"axil-our-office.default\">\n\t\t\t\t<div class=\"elementor-widget-container\">\n\t\t\t\t\t\n        <div class=\"section section-padding bg-color-dark overflow-hidden\">\n            <div class=\"container\"> \n                   \n\n                    <div class=\"section-heading heading-light-left\">            \n                                                    <span class=\"subtitle\">Location<\/span>\n                         \n\n                                                                        <h2 class=\"title\">\n                                Our Office                            <\/h2> \n                                     \n                                                                <\/div>\n                 \n\n                <div class=\"row\">\n                                            <div class=\"col-lg-4 col-md-6 col-sm-6\" data-sal=\"slide-up\" data-sal-duration=\"500\">\n                             <div class=\"office-location\">\n                                <div class=\"thumbnail\">\n                                   <img decoding=\"async\" src=\"https:\/\/blueapplemedia.com.tr\/wp-content\/uploads\/2021\/09\/location-1.png\" title=\"location-1\" alt=\"location-1\" loading=\"lazy\" \/>                                <\/div>\n                                <div class=\"content\">\n                                    <h4 class=\"title\">\u0130stanbul<\/h4>\n                                    <p>Merkez Mah. Han\u0131mefendi Sk. Mutlu Apt. No:22\/10 \u015ei\u015fli<\/p>\n                                <\/div>\n                            <\/div> \n                        <\/div> \n                         \n                <\/div>\n            <\/div> \n                             <ul class=\"shape-group-11 list-unstyled\">\n                                 \n                        <li class=\"shape shape-1\"><img decoding=\"async\" src=\"https:\/\/blueapplemedia.com.tr\/wp-content\/plugins\/axil-elements\/assets\/media\/shape11\/line-6.png\" alt=\"\"><\/li>\n                     \n                       \n                        <li class=\"shape shape-2\"><img decoding=\"async\" src=\"https:\/\/blueapplemedia.com.tr\/wp-content\/plugins\/axil-elements\/assets\/media\/shape11\/circle-3.png\" alt=\"\"><\/li>\n                     \n                             \n                <\/ul>\n                \n        <\/div> \n        \t\t\t\t<\/div>\n\t\t\t\t<\/div>\n\t\t\t\t\t<\/div>\n\t\t<\/div>\n\t\t\t\t\t<\/div>\n\t\t<\/section>\n\t\t\t\t<\/div>","protected":false},"excerpt":{"rendered":"<p>Bizimle ileti\u015fime ge\u00e7in! \u0130sim E-posta \u015eirket Size nas\u0131l yard\u0131mc\u0131 olabiliriz? Telefon +90 532 292 9622 Email gulsum@blueapplemedia.com.tr Lokasyon Ofisimiz \u0130stanbul Merkez Mah. Han\u0131mefendi Sk. Mutlu Apt. No:22\/10 \u015ei\u015fli<\/p>","protected":false},"author":1,"featured_media":0,"parent":0,"menu_order":0,"comment_status":"closed","ping_status":"closed","template":"elementor_header_footer","meta":{"footnotes":""},"class_list":["post-34","page","type-page","status-publish","hentry"],"acf":[],"yoast_head":"<!-- This site is optimized with the Yoast SEO plugin v24.6 - https:\/\/yoast.com\/wordpress\/plugins\/seo\/ -->\n<title>\u0130leti\u015fim - \u00c7\u00f6z\u00fcm Orta\u011f\u0131n\u0131z<\/title>\n<meta name=\"robots\" content=\"index, follow, max-snippet:-1, max-image-preview:large, max-video-preview:-1\" \/>\n<link rel=\"canonical\" href=\"https:\/\/blueapplemedia.com.tr\/en\/iletisim\/\" \/>\n<meta property=\"og:locale\" content=\"en_US\" \/>\n<meta property=\"og:type\" content=\"article\" \/>\n<meta property=\"og:title\" content=\"\u0130leti\u015fim - \u00c7\u00f6z\u00fcm Orta\u011f\u0131n\u0131z\" \/>\n<meta property=\"og:description\" content=\"Bizimle ileti\u015fime ge\u00e7in! \u0130sim E-posta \u015eirket Size nas\u0131l yard\u0131mc\u0131 olabiliriz? Telefon +90 532 292 9622 Email gulsum@blueapplemedia.com.tr Lokasyon Ofisimiz \u0130stanbul Merkez Mah. Han\u0131mefendi Sk. Mutlu Apt. No:22\/10 \u015ei\u015fli\" \/>\n<meta property=\"og:url\" content=\"https:\/\/blueapplemedia.com.tr\/en\/iletisim\/\" \/>\n<meta property=\"og:site_name\" content=\"\u00c7\u00f6z\u00fcm Orta\u011f\u0131n\u0131z\" \/>\n<meta property=\"article:modified_time\" content=\"2023-08-13T10:21:45+00:00\" \/>\n<meta property=\"og:image\" content=\"https:\/\/blueapplemedia.com.tr\/wp-content\/plugins\/axil-elements\/assets\/media\/shape12\/bubble-2.png\" \/>\n<meta name=\"twitter:card\" content=\"summary_large_image\" \/>\n<script type=\"application\/ld+json\" class=\"yoast-schema-graph\">{\"@context\":\"https:\/\/schema.org\",\"@graph\":[{\"@type\":\"WebPage\",\"@id\":\"https:\/\/blueapplemedia.com.tr\/iletisim\/\",\"url\":\"https:\/\/blueapplemedia.com.tr\/iletisim\/\",\"name\":\"\u0130leti\u015fim - \u00c7\u00f6z\u00fcm Orta\u011f\u0131n\u0131z\",\"isPartOf\":{\"@id\":\"https:\/\/blueapplemedia.com.tr\/#website\"},\"primaryImageOfPage\":{\"@id\":\"https:\/\/blueapplemedia.com.tr\/iletisim\/#primaryimage\"},\"image\":{\"@id\":\"https:\/\/blueapplemedia.com.tr\/iletisim\/#primaryimage\"},\"thumbnailUrl\":\"https:\/\/blueapplemedia.com.tr\/wp-content\/plugins\/axil-elements\/assets\/media\/shape12\/bubble-2.png\",\"datePublished\":\"2021-09-15T06:35:58+00:00\",\"dateModified\":\"2023-08-13T10:21:45+00:00\",\"breadcrumb\":{\"@id\":\"https:\/\/blueapplemedia.com.tr\/iletisim\/#breadcrumb\"},\"inLanguage\":\"en-US\",\"potentialAction\":[{\"@type\":\"ReadAction\",\"target\":[\"https:\/\/blueapplemedia.com.tr\/iletisim\/\"]}]},{\"@type\":\"ImageObject\",\"inLanguage\":\"en-US\",\"@id\":\"https:\/\/blueapplemedia.com.tr\/iletisim\/#primaryimage\",\"url\":\"https:\/\/blueapplemedia.com.tr\/wp-content\/plugins\/axil-elements\/assets\/media\/shape12\/bubble-2.png\",\"contentUrl\":\"https:\/\/blueapplemedia.com.tr\/wp-content\/plugins\/axil-elements\/assets\/media\/shape12\/bubble-2.png\"},{\"@type\":\"BreadcrumbList\",\"@id\":\"https:\/\/blueapplemedia.com.tr\/iletisim\/#breadcrumb\",\"itemListElement\":[{\"@type\":\"ListItem\",\"position\":1,\"name\":\"Anasayfa\",\"item\":\"https:\/\/blueapplemedia.com.tr\/\"},{\"@type\":\"ListItem\",\"position\":2,\"name\":\"\u0130leti\u015fim\"}]},{\"@type\":\"WebSite\",\"@id\":\"https:\/\/blueapplemedia.com.tr\/#website\",\"url\":\"https:\/\/blueapplemedia.com.tr\/\",\"name\":\"www.blueapplemedia.com.tr\",\"description\":\"\",\"publisher\":{\"@id\":\"https:\/\/blueapplemedia.com.tr\/#organization\"},\"potentialAction\":[{\"@type\":\"SearchAction\",\"target\":{\"@type\":\"EntryPoint\",\"urlTemplate\":\"https:\/\/blueapplemedia.com.tr\/?s={search_term_string}\"},\"query-input\":{\"@type\":\"PropertyValueSpecification\",\"valueRequired\":true,\"valueName\":\"search_term_string\"}}],\"inLanguage\":\"en-US\"},{\"@type\":\"Organization\",\"@id\":\"https:\/\/blueapplemedia.com.tr\/#organization\",\"name\":\"Blue Apple Media\",\"url\":\"https:\/\/blueapplemedia.com.tr\/\",\"logo\":{\"@type\":\"ImageObject\",\"inLanguage\":\"en-US\",\"@id\":\"https:\/\/blueapplemedia.com.tr\/#\/schema\/logo\/image\/\",\"url\":\"https:\/\/blueapplemedia.com.tr\/wp-content\/uploads\/2023\/08\/bluapple-white-logo-315x104-trans.png\",\"contentUrl\":\"https:\/\/blueapplemedia.com.tr\/wp-content\/uploads\/2023\/08\/bluapple-white-logo-315x104-trans.png\",\"width\":315,\"height\":104,\"caption\":\"Blue Apple Media\"},\"image\":{\"@id\":\"https:\/\/blueapplemedia.com.tr\/#\/schema\/logo\/image\/\"}}]}<\/script>\n<!-- \/ Yoast SEO plugin. -->","yoast_head_json":{"title":"\u0130leti\u015fim - \u00c7\u00f6z\u00fcm Orta\u011f\u0131n\u0131z","robots":{"index":"index","follow":"follow","max-snippet":"max-snippet:-1","max-image-preview":"max-image-preview:large","max-video-preview":"max-video-preview:-1"},"canonical":"https:\/\/blueapplemedia.com.tr\/en\/iletisim\/","og_locale":"en_US","og_type":"article","og_title":"\u0130leti\u015fim - \u00c7\u00f6z\u00fcm Orta\u011f\u0131n\u0131z","og_description":"Bizimle ileti\u015fime ge\u00e7in! \u0130sim E-posta \u015eirket Size nas\u0131l yard\u0131mc\u0131 olabiliriz? Telefon +90 532 292 9622 Email gulsum@blueapplemedia.com.tr Lokasyon Ofisimiz \u0130stanbul Merkez Mah. Han\u0131mefendi Sk. Mutlu Apt. No:22\/10 \u015ei\u015fli","og_url":"https:\/\/blueapplemedia.com.tr\/en\/iletisim\/","og_site_name":"\u00c7\u00f6z\u00fcm Orta\u011f\u0131n\u0131z","article_modified_time":"2023-08-13T10:21:45+00:00","og_image":[{"url":"https:\/\/blueapplemedia.com.tr\/wp-content\/plugins\/axil-elements\/assets\/media\/shape12\/bubble-2.png","type":"","width":"","height":""}],"twitter_card":"summary_large_image","schema":{"@context":"https:\/\/schema.org","@graph":[{"@type":"WebPage","@id":"https:\/\/blueapplemedia.com.tr\/iletisim\/","url":"https:\/\/blueapplemedia.com.tr\/iletisim\/","name":"\u0130leti\u015fim - \u00c7\u00f6z\u00fcm Orta\u011f\u0131n\u0131z","isPartOf":{"@id":"https:\/\/blueapplemedia.com.tr\/#website"},"primaryImageOfPage":{"@id":"https:\/\/blueapplemedia.com.tr\/iletisim\/#primaryimage"},"image":{"@id":"https:\/\/blueapplemedia.com.tr\/iletisim\/#primaryimage"},"thumbnailUrl":"https:\/\/blueapplemedia.com.tr\/wp-content\/plugins\/axil-elements\/assets\/media\/shape12\/bubble-2.png","datePublished":"2021-09-15T06:35:58+00:00","dateModified":"2023-08-13T10:21:45+00:00","breadcrumb":{"@id":"https:\/\/blueapplemedia.com.tr\/iletisim\/#breadcrumb"},"inLanguage":"en-US","potentialAction":[{"@type":"ReadAction","target":["https:\/\/blueapplemedia.com.tr\/iletisim\/"]}]},{"@type":"ImageObject","inLanguage":"en-US","@id":"https:\/\/blueapplemedia.com.tr\/iletisim\/#primaryimage","url":"https:\/\/blueapplemedia.com.tr\/wp-content\/plugins\/axil-elements\/assets\/media\/shape12\/bubble-2.png","contentUrl":"https:\/\/blueapplemedia.com.tr\/wp-content\/plugins\/axil-elements\/assets\/media\/shape12\/bubble-2.png"},{"@type":"BreadcrumbList","@id":"https:\/\/blueapplemedia.com.tr\/iletisim\/#breadcrumb","itemListElement":[{"@type":"ListItem","position":1,"name":"Anasayfa","item":"https:\/\/blueapplemedia.com.tr\/"},{"@type":"ListItem","position":2,"name":"\u0130leti\u015fim"}]},{"@type":"WebSite","@id":"https:\/\/blueapplemedia.com.tr\/#website","url":"https:\/\/blueapplemedia.com.tr\/","name":"www.blueapplemedia.com.tr","description":"","publisher":{"@id":"https:\/\/blueapplemedia.com.tr\/#organization"},"potentialAction":[{"@type":"SearchAction","target":{"@type":"EntryPoint","urlTemplate":"https:\/\/blueapplemedia.com.tr\/?s={search_term_string}"},"query-input":{"@type":"PropertyValueSpecification","valueRequired":true,"valueName":"search_term_string"}}],"inLanguage":"en-US"},{"@type":"Organization","@id":"https:\/\/blueapplemedia.com.tr\/#organization","name":"Blue Apple Media","url":"https:\/\/blueapplemedia.com.tr\/","logo":{"@type":"ImageObject","inLanguage":"en-US","@id":"https:\/\/blueapplemedia.com.tr\/#\/schema\/logo\/image\/","url":"https:\/\/blueapplemedia.com.tr\/wp-content\/uploads\/2023\/08\/bluapple-white-logo-315x104-trans.png","contentUrl":"https:\/\/blueapplemedia.com.tr\/wp-content\/uploads\/2023\/08\/bluapple-white-logo-315x104-trans.png","width":315,"height":104,"caption":"Blue Apple Media"},"image":{"@id":"https:\/\/blueapplemedia.com.tr\/#\/schema\/logo\/image\/"}}]}},"_links":{"self":[{"href":"https:\/\/blueapplemedia.com.tr\/en\/wp-json\/wp\/v2\/pages\/34","targetHints":{"allow":["GET"]}}],"collection":[{"href":"https:\/\/blueapplemedia.com.tr\/en\/wp-json\/wp\/v2\/pages"}],"about":[{"href":"https:\/\/blueapplemedia.com.tr\/en\/wp-json\/wp\/v2\/types\/page"}],"author":[{"embeddable":true,"href":"https:\/\/blueapplemedia.com.tr\/en\/wp-json\/wp\/v2\/users\/1"}],"replies":[{"embeddable":true,"href":"https:\/\/blueapplemedia.com.tr\/en\/wp-json\/wp\/v2\/comments?post=34"}],"version-history":[{"count":8,"href":"https:\/\/blueapplemedia.com.tr\/en\/wp-json\/wp\/v2\/pages\/34\/revisions"}],"predecessor-version":[{"id":5141,"href":"https:\/\/blueapplemedia.com.tr\/en\/wp-json\/wp\/v2\/pages\/34\/revisions\/5141"}],"wp:attachment":[{"href":"https:\/\/blueapplemedia.com.tr\/en\/wp-json\/wp\/v2\/media?parent=34"}],"curies":[{"name":"wp","href":"https:\/\/api.w.org\/{rel}","templated":true}]}}